{"id":107,"date":"2022-06-08T15:36:54","date_gmt":"2022-06-08T18:36:54","guid":{"rendered":"https:\/\/voleimania.org.br\/site\/?page_id=107"},"modified":"2025-03-26T10:16:42","modified_gmt":"2025-03-26T13:16:42","slug":"fale-conosco","status":"publish","type":"page","link":"https:\/\/voleimania.org.br\/site\/fale-conosco\/","title":{"rendered":"Fale Conosco"},"content":{"rendered":"<div class=\"wp-block-columns is-layout-flex wp-container-core-columns-is-layout-9d6595d7 wp-block-columns-is-layout-flex\"><div class=\"wp-block-column is-layout-flow wp-block-column-is-layout-flow\" style=\"flex-basis:66.66%\"><p>Aproveite este canal para registrar sugest\u00f5es, elogios, reclama\u00e7\u00f5es ou solicitar esclarecimentos de d\u00favidas.<br><\/p>\n\n<div class=\"wp-block-contact-form-7-contact-form-selector\">\n<div class=\"wpcf7 no-js\" id=\"wpcf7-f106-o1\" lang=\"pt-BR\" dir=\"ltr\" data-wpcf7-id=\"106\">\n<div class=\"screen-reader-response\"><p role=\"status\" aria-live=\"polite\" aria-atomic=\"true\"><\/p> <ul><\/ul><\/div>\n<form action=\"\/site\/wp-json\/wp\/v2\/pages\/107#wpcf7-f106-o1\" method=\"post\" class=\"wpcf7-form init\" aria-label=\"Formul\u00e1rios de contato\" novalidate=\"novalidate\" data-status=\"init\">\n<div style=\"display: none;\">\n<input type=\"hidden\" name=\"_wpcf7\" value=\"106\" \/>\n<input type=\"hidden\" name=\"_wpcf7_version\" value=\"6.0\" \/>\n<input type=\"hidden\" name=\"_wpcf7_locale\" value=\"pt_BR\" \/>\n<input type=\"hidden\" name=\"_wpcf7_unit_tag\" value=\"wpcf7-f106-o1\" \/>\n<input type=\"hidden\" name=\"_wpcf7_container_post\" value=\"0\" \/>\n<input type=\"hidden\" name=\"_wpcf7_posted_data_hash\" value=\"\" \/>\n<\/div>\n<div class=\"row\">\n\t<div class=\"col-md-6 col-xs-12\">\n\t\t<p><span class=\"wpcf7-form-control-wrap\" data-name=\"your-name\"><input size=\"40\" maxlength=\"400\" class=\"wpcf7-form-control wpcf7-text wpcf7-validates-as-required\" aria-required=\"true\" aria-invalid=\"false\" placeholder=\"Nome\" value=\"\" type=\"text\" name=\"your-name\" \/><\/span>\n\t\t<\/p>\n\t<\/div>\n\t<div class=\"col-md-6 col-xs-12\">\n\t\t<p><span class=\"wpcf7-form-control-wrap\" data-name=\"your-email\"><input size=\"40\" maxlength=\"400\" class=\"wpcf7-form-control wpcf7-email wpcf7-validates-as-required wpcf7-text wpcf7-validates-as-email\" aria-required=\"true\" aria-invalid=\"false\" placeholder=\"E-mail\" value=\"\" type=\"email\" name=\"your-email\" \/><\/span>\n\t\t<\/p>\n\t<\/div>\n\t<div class=\"col-md-6 col-xs-12\">\n\t\t<p><span class=\"wpcf7-form-control-wrap\" data-name=\"your-telefone\"><input size=\"40\" maxlength=\"400\" class=\"wpcf7-form-control wpcf7-text wpcf7-validates-as-required\" aria-required=\"true\" aria-invalid=\"false\" placeholder=\"Telefone\" value=\"\" type=\"text\" name=\"your-telefone\" \/><\/span>\n\t\t<\/p>\n\t<\/div>\n\t<div class=\"col-md-6 col-xs-12\">\n\t\t<p><span class=\"wpcf7-form-control-wrap\" data-name=\"your-cidade\"><input size=\"40\" maxlength=\"400\" class=\"wpcf7-form-control wpcf7-text wpcf7-validates-as-required\" aria-required=\"true\" aria-invalid=\"false\" placeholder=\"Cidade\" value=\"\" type=\"text\" name=\"your-cidade\" \/><\/span>\n\t\t<\/p>\n\t<\/div>\n\t<div class=\"col-md-12 col-xs-12\">\n\t\t<p><span class=\"wpcf7-form-control-wrap\" data-name=\"your-message\"><textarea cols=\"40\" rows=\"10\" maxlength=\"2000\" class=\"wpcf7-form-control wpcf7-textarea\" aria-invalid=\"false\" placeholder=\"Mensagem\" name=\"your-message\"><\/textarea><\/span>\n\t\t<\/p>\n\t<\/div>\n\t<div class=\"col-md-10 col-xs-12\">\n\t<\/div>\n\t<div class=\"col-md-2 col-xs-12\">\n\t\t<p><input class=\"wpcf7-form-control wpcf7-submit has-spinner\" type=\"submit\" value=\"Enviar\" \/>\n\t\t<\/p>\n\t<\/div>\n<\/div><div class=\"wpcf7-response-output\" aria-hidden=\"true\"><\/div>\n<\/form>\n<\/div>\n<\/div><\/div>\n\n<div class=\"wp-block-column is-layout-flow wp-block-column-is-layout-flow\" style=\"flex-basis:33.33%\"><h4 class=\"wp-block-heading\">Emails<\/h4>\n\n<p><a href=\"mailto:marketing@voleimania.org.br\">marketing@voleimania.org.br<\/a><br><a href=\"mailto:faleconosco@voleimania.org.br\">faleconosco@voleimania.org.br<\/a><\/p>\n\n<h4 class=\"wp-block-heading\">WhatsApp<\/h4>\n\n<a href=\"https:\/\/wa.me\/5511954287397\"><i class=\"fa-brands fa-whatsapp\"><\/i> (11) 95428-7397 <\/a>\n\n<h4 class=\"wp-block-heading\">Redes Sociais<\/h4>\n\n<a href=\"https:\/\/www.facebook.com\/voleimaniaoficialbr\" target=\"_blank\" rel=\"noopener\"> <i class=\"fa-brands fa-facebook-f\"><\/i> facebook.com\/voleimaniaoficialbr<\/a><br>\n<a href=\"https:\/\/instagram.com\/voleimaniaoficial\" target=\"_blank\" rel=\"noopener\"> <i class=\"fa-brands fa-instagram\"><\/i> instagram.com\/voleimaniaoficial<\/a>\n\n<p><\/p><\/div><\/div>","protected":false},"excerpt":{"rendered":"<p>Aproveite este canal para registrar sugest\u00f5es, elogios, reclama\u00e7\u00f5es ou solicitar esclarecimentos de d\u00favidas.<\/p>\n<p>Emails<\/p>\n<p>marketing@voleimania.org.brfaleconosco@voleimania.org.br<\/p>\n<p>WhatsApp<\/p>\n<p> (11) 95428-7397 <\/p>\n<p>Redes Sociais<\/p>\n<p>  facebook.com\/voleimaniaoficialbr<br \/>\n  &#8230;<\/p>\n","protected":false},"author":1,"featured_media":0,"parent":0,"menu_order":0,"comment_status":"closed","ping_status":"closed","template":"","meta":{"_acf_changed":false,"_eb_attr":"","footnotes":""},"class_list":["post-107","page","type-page","status-publish","hentry"],"acf":{"frase":"Fale Conosco!"},"yoast_head":"<!-- This site is optimized with the Yoast SEO plugin v23.8 - https:\/\/yoast.com\/wordpress\/plugins\/seo\/ -->\n<title>Fale Conosco - Volei Mania<\/title>\n<meta name=\"description\" content=\"Aproveite este canal para registrar sugest\u00f5es, elogios, reclama\u00e7\u00f5es ou solicitar esclarecimentos de d\u00favidas. Emails\" \/>\n<meta name=\"robots\" content=\"index, follow, max-snippet:-1, max-image-preview:large, max-video-preview:-1\" \/>\n<link rel=\"canonical\" href=\"https:\/\/voleimania.org.br\/site\/fale-conosco\/\" \/>\n<meta property=\"og:locale\" content=\"pt_BR\" \/>\n<meta property=\"og:type\" content=\"article\" \/>\n<meta property=\"og:title\" content=\"Fale Conosco - Volei Mania\" \/>\n<meta property=\"og:description\" content=\"Aproveite este canal para registrar sugest\u00f5es, elogios, reclama\u00e7\u00f5es ou solicitar esclarecimentos de d\u00favidas. Emails\" \/>\n<meta property=\"og:url\" content=\"https:\/\/voleimania.org.br\/site\/fale-conosco\/\" \/>\n<meta property=\"og:site_name\" content=\"Volei Mania\" \/>\n<meta property=\"article:publisher\" content=\"https:\/\/www.facebook.com\/voleimaniaoficialbr\" \/>\n<meta property=\"article:modified_time\" content=\"2025-03-26T13:16:42+00:00\" \/>\n<meta property=\"og:image\" content=\"https:\/\/voleimania.org.br\/site\/wp-content\/uploads\/2024\/09\/1-LOGO-VOLEI-MANIA-JM-REGISTRADO-JM.pdf-1.png\" \/>\n\t<meta property=\"og:image:width\" content=\"872\" \/>\n\t<meta property=\"og:image:height\" content=\"595\" \/>\n\t<meta property=\"og:image:type\" content=\"image\/png\" \/>\n<meta name=\"twitter:card\" content=\"summary_large_image\" \/>\n<meta name=\"twitter:label1\" content=\"Est. tempo de leitura\" \/>\n\t<meta name=\"twitter:data1\" content=\"1 minuto\" \/>\n<script type=\"application\/ld+json\" class=\"yoast-schema-graph\">{\"@context\":\"https:\/\/schema.org\",\"@graph\":[{\"@type\":[\"Article\",\"BlogPosting\"],\"@id\":\"https:\/\/voleimania.org.br\/site\/fale-conosco\/#article\",\"isPartOf\":{\"@id\":\"https:\/\/voleimania.org.br\/site\/fale-conosco\/\"},\"author\":{\"name\":\"wf\",\"@id\":\"https:\/\/voleimania.org.br\/site\/#\/schema\/person\/5f18269f1a1e8081988866288773e2b0\"},\"headline\":\"Fale Conosco\",\"datePublished\":\"2022-06-08T18:36:54+00:00\",\"dateModified\":\"2025-03-26T13:16:42+00:00\",\"mainEntityOfPage\":{\"@id\":\"https:\/\/voleimania.org.br\/site\/fale-conosco\/\"},\"wordCount\":42,\"publisher\":{\"@id\":\"https:\/\/voleimania.org.br\/site\/#organization\"},\"inLanguage\":\"pt-BR\"},{\"@type\":\"WebPage\",\"@id\":\"https:\/\/voleimania.org.br\/site\/fale-conosco\/\",\"url\":\"https:\/\/voleimania.org.br\/site\/fale-conosco\/\",\"name\":\"Fale Conosco - Volei Mania\",\"isPartOf\":{\"@id\":\"https:\/\/voleimania.org.br\/site\/#website\"},\"datePublished\":\"2022-06-08T18:36:54+00:00\",\"dateModified\":\"2025-03-26T13:16:42+00:00\",\"description\":\"Aproveite este canal para registrar sugest\u00f5es, elogios, reclama\u00e7\u00f5es ou solicitar esclarecimentos de d\u00favidas. Emails\",\"breadcrumb\":{\"@id\":\"https:\/\/voleimania.org.br\/site\/fale-conosco\/#breadcrumb\"},\"inLanguage\":\"pt-BR\",\"potentialAction\":[{\"@type\":\"ReadAction\",\"target\":[\"https:\/\/voleimania.org.br\/site\/fale-conosco\/\"]}]},{\"@type\":\"BreadcrumbList\",\"@id\":\"https:\/\/voleimania.org.br\/site\/fale-conosco\/#breadcrumb\",\"itemListElement\":[{\"@type\":\"ListItem\",\"position\":1,\"name\":\"In\u00edcio\",\"item\":\"https:\/\/voleimania.org.br\/site\/\"},{\"@type\":\"ListItem\",\"position\":2,\"name\":\"Fale Conosco\"}]},{\"@type\":\"WebSite\",\"@id\":\"https:\/\/voleimania.org.br\/site\/#website\",\"url\":\"https:\/\/voleimania.org.br\/site\/\",\"name\":\"Volei Mania\",\"description\":\"Iniciativa que faz parte do Instituto Maur\u00edcio de Souza, que incentiva a pr\u00e1tica de esportes entre crian\u00e7as de adolescentes, promovendo sa\u00fade, bem-estar e desenvolvimento social atrav\u00e9s do voleibol. Conhe\u00e7a mais sobre esse projeto que transforma vidas por meio do esporte.\",\"publisher\":{\"@id\":\"https:\/\/voleimania.org.br\/site\/#organization\"},\"alternateName\":\"Volei Mania\",\"potentialAction\":[{\"@type\":\"SearchAction\",\"target\":{\"@type\":\"EntryPoint\",\"urlTemplate\":\"https:\/\/voleimania.org.br\/site\/?s={search_term_string}\"},\"query-input\":{\"@type\":\"PropertyValueSpecification\",\"valueRequired\":true,\"valueName\":\"search_term_string\"}}],\"inLanguage\":\"pt-BR\"},{\"@type\":\"Organization\",\"@id\":\"https:\/\/voleimania.org.br\/site\/#organization\",\"name\":\"Volei Mania\",\"alternateName\":\"Volei Mania\",\"url\":\"https:\/\/voleimania.org.br\/site\/\",\"logo\":{\"@type\":\"ImageObject\",\"inLanguage\":\"pt-BR\",\"@id\":\"https:\/\/voleimania.org.br\/site\/#\/schema\/logo\/image\/\",\"url\":\"https:\/\/voleimania.org.br\/site\/wp-content\/uploads\/2024\/09\/WhatsApp-Image-2022-10-23-at-09.31.35-3.jpeg\",\"contentUrl\":\"https:\/\/voleimania.org.br\/site\/wp-content\/uploads\/2024\/09\/WhatsApp-Image-2022-10-23-at-09.31.35-3.jpeg\",\"width\":1280,\"height\":1240,\"caption\":\"Volei Mania\"},\"image\":{\"@id\":\"https:\/\/voleimania.org.br\/site\/#\/schema\/logo\/image\/\"},\"sameAs\":[\"https:\/\/www.facebook.com\/voleimaniaoficialbr\",\"https:\/\/instagram.com\/voleimaniaoficial\"]},{\"@type\":\"Person\",\"@id\":\"https:\/\/voleimania.org.br\/site\/#\/schema\/person\/5f18269f1a1e8081988866288773e2b0\",\"name\":\"wf\",\"image\":{\"@type\":\"ImageObject\",\"inLanguage\":\"pt-BR\",\"@id\":\"https:\/\/voleimania.org.br\/site\/#\/schema\/person\/image\/\",\"url\":\"https:\/\/secure.gravatar.com\/avatar\/af5db5008fe343f8388505129e34bba4f5acf5fb848cbdd8606b15652735b53f?s=96&d=mm&r=g\",\"contentUrl\":\"https:\/\/secure.gravatar.com\/avatar\/af5db5008fe343f8388505129e34bba4f5acf5fb848cbdd8606b15652735b53f?s=96&d=mm&r=g\",\"caption\":\"wf\"},\"url\":\"https:\/\/voleimania.org.br\/site\/author\/wf\/\"}]}<\/script>\n<!-- \/ Yoast SEO plugin. -->","yoast_head_json":{"title":"Fale Conosco - Volei Mania","description":"Aproveite este canal para registrar sugest\u00f5es, elogios, reclama\u00e7\u00f5es ou solicitar esclarecimentos de d\u00favidas. Emails","robots":{"index":"index","follow":"follow","max-snippet":"max-snippet:-1","max-image-preview":"max-image-preview:large","max-video-preview":"max-video-preview:-1"},"canonical":"https:\/\/voleimania.org.br\/site\/fale-conosco\/","og_locale":"pt_BR","og_type":"article","og_title":"Fale Conosco - Volei Mania","og_description":"Aproveite este canal para registrar sugest\u00f5es, elogios, reclama\u00e7\u00f5es ou solicitar esclarecimentos de d\u00favidas. Emails","og_url":"https:\/\/voleimania.org.br\/site\/fale-conosco\/","og_site_name":"Volei Mania","article_publisher":"https:\/\/www.facebook.com\/voleimaniaoficialbr","article_modified_time":"2025-03-26T13:16:42+00:00","og_image":[{"width":872,"height":595,"url":"https:\/\/voleimania.org.br\/site\/wp-content\/uploads\/2024\/09\/1-LOGO-VOLEI-MANIA-JM-REGISTRADO-JM.pdf-1.png","type":"image\/png"}],"twitter_card":"summary_large_image","twitter_misc":{"Est. tempo de leitura":"1 minuto"},"schema":{"@context":"https:\/\/schema.org","@graph":[{"@type":["Article","BlogPosting"],"@id":"https:\/\/voleimania.org.br\/site\/fale-conosco\/#article","isPartOf":{"@id":"https:\/\/voleimania.org.br\/site\/fale-conosco\/"},"author":{"name":"wf","@id":"https:\/\/voleimania.org.br\/site\/#\/schema\/person\/5f18269f1a1e8081988866288773e2b0"},"headline":"Fale Conosco","datePublished":"2022-06-08T18:36:54+00:00","dateModified":"2025-03-26T13:16:42+00:00","mainEntityOfPage":{"@id":"https:\/\/voleimania.org.br\/site\/fale-conosco\/"},"wordCount":42,"publisher":{"@id":"https:\/\/voleimania.org.br\/site\/#organization"},"inLanguage":"pt-BR"},{"@type":"WebPage","@id":"https:\/\/voleimania.org.br\/site\/fale-conosco\/","url":"https:\/\/voleimania.org.br\/site\/fale-conosco\/","name":"Fale Conosco - Volei Mania","isPartOf":{"@id":"https:\/\/voleimania.org.br\/site\/#website"},"datePublished":"2022-06-08T18:36:54+00:00","dateModified":"2025-03-26T13:16:42+00:00","description":"Aproveite este canal para registrar sugest\u00f5es, elogios, reclama\u00e7\u00f5es ou solicitar esclarecimentos de d\u00favidas. Emails","breadcrumb":{"@id":"https:\/\/voleimania.org.br\/site\/fale-conosco\/#breadcrumb"},"inLanguage":"pt-BR","potentialAction":[{"@type":"ReadAction","target":["https:\/\/voleimania.org.br\/site\/fale-conosco\/"]}]},{"@type":"BreadcrumbList","@id":"https:\/\/voleimania.org.br\/site\/fale-conosco\/#breadcrumb","itemListElement":[{"@type":"ListItem","position":1,"name":"In\u00edcio","item":"https:\/\/voleimania.org.br\/site\/"},{"@type":"ListItem","position":2,"name":"Fale Conosco"}]},{"@type":"WebSite","@id":"https:\/\/voleimania.org.br\/site\/#website","url":"https:\/\/voleimania.org.br\/site\/","name":"Volei Mania","description":"Iniciativa que faz parte do Instituto Maur\u00edcio de Souza, que incentiva a pr\u00e1tica de esportes entre crian\u00e7as de adolescentes, promovendo sa\u00fade, bem-estar e desenvolvimento social atrav\u00e9s do voleibol. Conhe\u00e7a mais sobre esse projeto que transforma vidas por meio do esporte.","publisher":{"@id":"https:\/\/voleimania.org.br\/site\/#organization"},"alternateName":"Volei Mania","potentialAction":[{"@type":"SearchAction","target":{"@type":"EntryPoint","urlTemplate":"https:\/\/voleimania.org.br\/site\/?s={search_term_string}"},"query-input":{"@type":"PropertyValueSpecification","valueRequired":true,"valueName":"search_term_string"}}],"inLanguage":"pt-BR"},{"@type":"Organization","@id":"https:\/\/voleimania.org.br\/site\/#organization","name":"Volei Mania","alternateName":"Volei Mania","url":"https:\/\/voleimania.org.br\/site\/","logo":{"@type":"ImageObject","inLanguage":"pt-BR","@id":"https:\/\/voleimania.org.br\/site\/#\/schema\/logo\/image\/","url":"https:\/\/voleimania.org.br\/site\/wp-content\/uploads\/2024\/09\/WhatsApp-Image-2022-10-23-at-09.31.35-3.jpeg","contentUrl":"https:\/\/voleimania.org.br\/site\/wp-content\/uploads\/2024\/09\/WhatsApp-Image-2022-10-23-at-09.31.35-3.jpeg","width":1280,"height":1240,"caption":"Volei Mania"},"image":{"@id":"https:\/\/voleimania.org.br\/site\/#\/schema\/logo\/image\/"},"sameAs":["https:\/\/www.facebook.com\/voleimaniaoficialbr","https:\/\/instagram.com\/voleimaniaoficial"]},{"@type":"Person","@id":"https:\/\/voleimania.org.br\/site\/#\/schema\/person\/5f18269f1a1e8081988866288773e2b0","name":"wf","image":{"@type":"ImageObject","inLanguage":"pt-BR","@id":"https:\/\/voleimania.org.br\/site\/#\/schema\/person\/image\/","url":"https:\/\/secure.gravatar.com\/avatar\/af5db5008fe343f8388505129e34bba4f5acf5fb848cbdd8606b15652735b53f?s=96&d=mm&r=g","contentUrl":"https:\/\/secure.gravatar.com\/avatar\/af5db5008fe343f8388505129e34bba4f5acf5fb848cbdd8606b15652735b53f?s=96&d=mm&r=g","caption":"wf"},"url":"https:\/\/voleimania.org.br\/site\/author\/wf\/"}]}},"_links":{"self":[{"href":"https:\/\/voleimania.org.br\/site\/wp-json\/wp\/v2\/pages\/107","targetHints":{"allow":["GET"]}}],"collection":[{"href":"https:\/\/voleimania.org.br\/site\/wp-json\/wp\/v2\/pages"}],"about":[{"href":"https:\/\/voleimania.org.br\/site\/wp-json\/wp\/v2\/types\/page"}],"author":[{"embeddable":true,"href":"https:\/\/voleimania.org.br\/site\/wp-json\/wp\/v2\/users\/1"}],"replies":[{"embeddable":true,"href":"https:\/\/voleimania.org.br\/site\/wp-json\/wp\/v2\/comments?post=107"}],"version-history":[{"count":19,"href":"https:\/\/voleimania.org.br\/site\/wp-json\/wp\/v2\/pages\/107\/revisions"}],"predecessor-version":[{"id":1039,"href":"https:\/\/voleimania.org.br\/site\/wp-json\/wp\/v2\/pages\/107\/revisions\/1039"}],"wp:attachment":[{"href":"https:\/\/voleimania.org.br\/site\/wp-json\/wp\/v2\/media?parent=107"}],"curies":[{"name":"wp","href":"https:\/\/api.w.org\/{rel}","templated":true}]}}