{"id":557,"date":"2024-05-02T11:17:07","date_gmt":"2024-05-02T14:17:07","guid":{"rendered":"https:\/\/voleimania.org.br\/site\/?page_id=557"},"modified":"2025-10-07T10:25:52","modified_gmt":"2025-10-07T13:25:52","slug":"doacao","status":"publish","type":"page","link":"https:\/\/voleimania.org.br\/site\/doacao\/","title":{"rendered":"Ajude o projeto"},"content":{"rendered":"<p>O V\u00f4lei Mania transforma vidas de crian\u00e7as e adolescentes atrav\u00e9s do esporte, educa\u00e7\u00e3o e cultura. Para continuar essa miss\u00e3o, precisamos do seu apoio! Existem v\u00e1rias formas de contribuir para que o projeto alcance ainda mais jovens e comunidades.<\/p><div class=\"wp-block-columns is-layout-flex wp-container-core-columns-is-layout-9d6595d7 wp-block-columns-is-layout-flex\"><div class=\"wp-block-column is-layout-flow wp-block-column-is-layout-flow\"><p><strong>Seja um Volunt\u00e1rio<\/strong>: <\/p>\n\n<p>Compartilhe seu tempo e talento! Estamos sempre em busca de pessoas dedicadas para colaborar nas nossas oficinas de esportes, artes, leitura, educa\u00e7\u00e3o e muito mais. Junte-se a n\u00f3s e fa\u00e7a parte dessa transforma\u00e7\u00e3o.<\/p><\/div>\n\n<div class=\"wp-block-column is-layout-flow wp-block-column-is-layout-flow\"><p><strong>Apoio Financeiro<\/strong>: <\/p>\n\n<p>Suas doa\u00e7\u00f5es ajudam a manter as atividades do V\u00f4lei Mania em funcionamento, garantindo que mais de 2.500 jovens continuem a ter acesso a oportunidades de crescimento. Toda contribui\u00e7\u00e3o faz a diferen\u00e7a!<\/p>\n\n<div class=\"wp-block-image\"><figure class=\"aligncenter size-full is-resized\"><img loading=\"lazy\" decoding=\"async\" width=\"280\" height=\"280\" src=\"https:\/\/voleimania.org.br\/site\/wp-content\/uploads\/2024\/09\/image-12.png\" alt=\"\" class=\"wp-image-855\" style=\"width:138px;height:auto\" srcset=\"https:\/\/voleimania.org.br\/site\/wp-content\/uploads\/2024\/09\/image-12.png 280w, https:\/\/voleimania.org.br\/site\/wp-content\/uploads\/2024\/09\/image-12-150x150.png 150w, https:\/\/voleimania.org.br\/site\/wp-content\/uploads\/2024\/09\/image-12-100x100.png 100w\" sizes=\"auto, (max-width: 280px) 100vw, 280px\" \/><\/figure><\/div>\n\n<p class=\"has-text-align-center\"><strong>Doe qualquer valor<\/strong><br>Chave: 17.228.090\/0002-56<\/p><\/div>\n\n<div class=\"wp-block-column is-layout-flow wp-block-column-is-layout-flow\"><p><strong>Patroc\u00ednios<\/strong>: <\/p>\n\n<p>Empresas e marcas podem contribuir diretamente para o desenvolvimento do projeto. Ao patrocinar o V\u00f4lei Mania, voc\u00ea estar\u00e1 investindo no futuro de crian\u00e7as e adolescentes e associando sua marca a uma causa de impacto social positivo.<\/p><\/div><\/div><p><\/p><p>Juntos, podemos levar esporte, educa\u00e7\u00e3o e esperan\u00e7a para cada vez mais jovens. Entre em contato e descubra como voc\u00ea pode nos ajudar a continuar essa jornada de transforma\u00e7\u00e3o!<\/p>","protected":false},"excerpt":{"rendered":"<p>O V\u00f4lei Mania transforma vidas de crian\u00e7as e adolescentes atrav\u00e9s do esporte, educa\u00e7\u00e3o e cultura. Para continuar essa miss\u00e3o, precisamos &#8230;<\/p>\n","protected":false},"author":1,"featured_media":0,"parent":0,"menu_order":0,"comment_status":"closed","ping_status":"closed","template":"","meta":{"_acf_changed":false,"_eb_attr":"","footnotes":""},"class_list":["post-557","page","type-page","status-publish","hentry"],"acf":{"frase":"Ajude o Volei Mania!"},"yoast_head":"<!-- This site is optimized with the Yoast SEO plugin v23.8 - https:\/\/yoast.com\/wordpress\/plugins\/seo\/ -->\n<title>Ajude o projeto - Volei Mania<\/title>\n<meta name=\"description\" content=\"O V\u00f4lei Mania transforma vidas de crian\u00e7as e adolescentes atrav\u00e9s do esporte, educa\u00e7\u00e3o e cultura. Para continuar essa miss\u00e3o, precisamos do seu apoio!\" \/>\n<meta name=\"robots\" content=\"index, follow, max-snippet:-1, max-image-preview:large, max-video-preview:-1\" \/>\n<link rel=\"canonical\" href=\"https:\/\/voleimania.org.br\/site\/doacao\/\" \/>\n<meta property=\"og:locale\" content=\"pt_BR\" \/>\n<meta property=\"og:type\" content=\"article\" \/>\n<meta property=\"og:title\" content=\"Ajude o projeto - Volei Mania\" \/>\n<meta property=\"og:description\" content=\"O V\u00f4lei Mania transforma vidas de crian\u00e7as e adolescentes atrav\u00e9s do esporte, educa\u00e7\u00e3o e cultura. Para continuar essa miss\u00e3o, precisamos do seu apoio!\" \/>\n<meta property=\"og:url\" content=\"https:\/\/voleimania.org.br\/site\/doacao\/\" \/>\n<meta property=\"og:site_name\" content=\"Volei Mania\" \/>\n<meta property=\"article:publisher\" content=\"https:\/\/www.facebook.com\/voleimaniaoficialbr\" \/>\n<meta property=\"article:modified_time\" content=\"2025-10-07T13:25:52+00:00\" \/>\n<meta property=\"og:image\" content=\"https:\/\/voleimania.org.br\/site\/wp-content\/uploads\/2024\/09\/image-12.png\" \/>\n<meta name=\"twitter:card\" content=\"summary_large_image\" \/>\n<meta name=\"twitter:label1\" content=\"Est. tempo de leitura\" \/>\n\t<meta name=\"twitter:data1\" content=\"1 minuto\" \/>\n<script type=\"application\/ld+json\" class=\"yoast-schema-graph\">{\"@context\":\"https:\/\/schema.org\",\"@graph\":[{\"@type\":[\"Article\",\"BlogPosting\"],\"@id\":\"https:\/\/voleimania.org.br\/site\/doacao\/#article\",\"isPartOf\":{\"@id\":\"https:\/\/voleimania.org.br\/site\/doacao\/\"},\"author\":{\"name\":\"wf\",\"@id\":\"https:\/\/voleimania.org.br\/site\/#\/schema\/person\/5f18269f1a1e8081988866288773e2b0\"},\"headline\":\"Ajude o projeto\",\"datePublished\":\"2024-05-02T14:17:07+00:00\",\"dateModified\":\"2025-10-07T13:25:52+00:00\",\"mainEntityOfPage\":{\"@id\":\"https:\/\/voleimania.org.br\/site\/doacao\/\"},\"wordCount\":200,\"publisher\":{\"@id\":\"https:\/\/voleimania.org.br\/site\/#organization\"},\"image\":{\"@id\":\"https:\/\/voleimania.org.br\/site\/doacao\/#primaryimage\"},\"thumbnailUrl\":\"https:\/\/voleimania.org.br\/site\/wp-content\/uploads\/2024\/09\/image-12.png\",\"inLanguage\":\"pt-BR\"},{\"@type\":\"WebPage\",\"@id\":\"https:\/\/voleimania.org.br\/site\/doacao\/\",\"url\":\"https:\/\/voleimania.org.br\/site\/doacao\/\",\"name\":\"Ajude o projeto - Volei Mania\",\"isPartOf\":{\"@id\":\"https:\/\/voleimania.org.br\/site\/#website\"},\"primaryImageOfPage\":{\"@id\":\"https:\/\/voleimania.org.br\/site\/doacao\/#primaryimage\"},\"image\":{\"@id\":\"https:\/\/voleimania.org.br\/site\/doacao\/#primaryimage\"},\"thumbnailUrl\":\"https:\/\/voleimania.org.br\/site\/wp-content\/uploads\/2024\/09\/image-12.png\",\"datePublished\":\"2024-05-02T14:17:07+00:00\",\"dateModified\":\"2025-10-07T13:25:52+00:00\",\"description\":\"O V\u00f4lei Mania transforma vidas de crian\u00e7as e adolescentes atrav\u00e9s do esporte, educa\u00e7\u00e3o e cultura. Para continuar essa miss\u00e3o, precisamos do seu apoio!\",\"breadcrumb\":{\"@id\":\"https:\/\/voleimania.org.br\/site\/doacao\/#breadcrumb\"},\"inLanguage\":\"pt-BR\",\"potentialAction\":[{\"@type\":\"ReadAction\",\"target\":[\"https:\/\/voleimania.org.br\/site\/doacao\/\"]}]},{\"@type\":\"ImageObject\",\"inLanguage\":\"pt-BR\",\"@id\":\"https:\/\/voleimania.org.br\/site\/doacao\/#primaryimage\",\"url\":\"https:\/\/voleimania.org.br\/site\/wp-content\/uploads\/2024\/09\/image-12.png\",\"contentUrl\":\"https:\/\/voleimania.org.br\/site\/wp-content\/uploads\/2024\/09\/image-12.png\",\"width\":280,\"height\":280},{\"@type\":\"BreadcrumbList\",\"@id\":\"https:\/\/voleimania.org.br\/site\/doacao\/#breadcrumb\",\"itemListElement\":[{\"@type\":\"ListItem\",\"position\":1,\"name\":\"In\u00edcio\",\"item\":\"https:\/\/voleimania.org.br\/site\/\"},{\"@type\":\"ListItem\",\"position\":2,\"name\":\"Ajude o projeto\"}]},{\"@type\":\"WebSite\",\"@id\":\"https:\/\/voleimania.org.br\/site\/#website\",\"url\":\"https:\/\/voleimania.org.br\/site\/\",\"name\":\"Volei Mania\",\"description\":\"Iniciativa que faz parte do Instituto Maur\u00edcio de Souza, que incentiva a pr\u00e1tica de esportes entre crian\u00e7as de adolescentes, promovendo sa\u00fade, bem-estar e desenvolvimento social atrav\u00e9s do voleibol. Conhe\u00e7a mais sobre esse projeto que transforma vidas por meio do esporte.\",\"publisher\":{\"@id\":\"https:\/\/voleimania.org.br\/site\/#organization\"},\"alternateName\":\"Volei Mania\",\"potentialAction\":[{\"@type\":\"SearchAction\",\"target\":{\"@type\":\"EntryPoint\",\"urlTemplate\":\"https:\/\/voleimania.org.br\/site\/?s={search_term_string}\"},\"query-input\":{\"@type\":\"PropertyValueSpecification\",\"valueRequired\":true,\"valueName\":\"search_term_string\"}}],\"inLanguage\":\"pt-BR\"},{\"@type\":\"Organization\",\"@id\":\"https:\/\/voleimania.org.br\/site\/#organization\",\"name\":\"Volei Mania\",\"alternateName\":\"Volei Mania\",\"url\":\"https:\/\/voleimania.org.br\/site\/\",\"logo\":{\"@type\":\"ImageObject\",\"inLanguage\":\"pt-BR\",\"@id\":\"https:\/\/voleimania.org.br\/site\/#\/schema\/logo\/image\/\",\"url\":\"https:\/\/voleimania.org.br\/site\/wp-content\/uploads\/2024\/09\/WhatsApp-Image-2022-10-23-at-09.31.35-3.jpeg\",\"contentUrl\":\"https:\/\/voleimania.org.br\/site\/wp-content\/uploads\/2024\/09\/WhatsApp-Image-2022-10-23-at-09.31.35-3.jpeg\",\"width\":1280,\"height\":1240,\"caption\":\"Volei Mania\"},\"image\":{\"@id\":\"https:\/\/voleimania.org.br\/site\/#\/schema\/logo\/image\/\"},\"sameAs\":[\"https:\/\/www.facebook.com\/voleimaniaoficialbr\",\"https:\/\/instagram.com\/voleimaniaoficial\"]},{\"@type\":\"Person\",\"@id\":\"https:\/\/voleimania.org.br\/site\/#\/schema\/person\/5f18269f1a1e8081988866288773e2b0\",\"name\":\"wf\",\"image\":{\"@type\":\"ImageObject\",\"inLanguage\":\"pt-BR\",\"@id\":\"https:\/\/voleimania.org.br\/site\/#\/schema\/person\/image\/\",\"url\":\"https:\/\/secure.gravatar.com\/avatar\/af5db5008fe343f8388505129e34bba4f5acf5fb848cbdd8606b15652735b53f?s=96&d=mm&r=g\",\"contentUrl\":\"https:\/\/secure.gravatar.com\/avatar\/af5db5008fe343f8388505129e34bba4f5acf5fb848cbdd8606b15652735b53f?s=96&d=mm&r=g\",\"caption\":\"wf\"},\"url\":\"https:\/\/voleimania.org.br\/site\/author\/wf\/\"}]}<\/script>\n<!-- \/ Yoast SEO plugin. -->","yoast_head_json":{"title":"Ajude o projeto - Volei Mania","description":"O V\u00f4lei Mania transforma vidas de crian\u00e7as e adolescentes atrav\u00e9s do esporte, educa\u00e7\u00e3o e cultura. Para continuar essa miss\u00e3o, precisamos do seu apoio!","robots":{"index":"index","follow":"follow","max-snippet":"max-snippet:-1","max-image-preview":"max-image-preview:large","max-video-preview":"max-video-preview:-1"},"canonical":"https:\/\/voleimania.org.br\/site\/doacao\/","og_locale":"pt_BR","og_type":"article","og_title":"Ajude o projeto - Volei Mania","og_description":"O V\u00f4lei Mania transforma vidas de crian\u00e7as e adolescentes atrav\u00e9s do esporte, educa\u00e7\u00e3o e cultura. Para continuar essa miss\u00e3o, precisamos do seu apoio!","og_url":"https:\/\/voleimania.org.br\/site\/doacao\/","og_site_name":"Volei Mania","article_publisher":"https:\/\/www.facebook.com\/voleimaniaoficialbr","article_modified_time":"2025-10-07T13:25:52+00:00","og_image":[{"url":"https:\/\/voleimania.org.br\/site\/wp-content\/uploads\/2024\/09\/image-12.png"}],"twitter_card":"summary_large_image","twitter_misc":{"Est. tempo de leitura":"1 minuto"},"schema":{"@context":"https:\/\/schema.org","@graph":[{"@type":["Article","BlogPosting"],"@id":"https:\/\/voleimania.org.br\/site\/doacao\/#article","isPartOf":{"@id":"https:\/\/voleimania.org.br\/site\/doacao\/"},"author":{"name":"wf","@id":"https:\/\/voleimania.org.br\/site\/#\/schema\/person\/5f18269f1a1e8081988866288773e2b0"},"headline":"Ajude o projeto","datePublished":"2024-05-02T14:17:07+00:00","dateModified":"2025-10-07T13:25:52+00:00","mainEntityOfPage":{"@id":"https:\/\/voleimania.org.br\/site\/doacao\/"},"wordCount":200,"publisher":{"@id":"https:\/\/voleimania.org.br\/site\/#organization"},"image":{"@id":"https:\/\/voleimania.org.br\/site\/doacao\/#primaryimage"},"thumbnailUrl":"https:\/\/voleimania.org.br\/site\/wp-content\/uploads\/2024\/09\/image-12.png","inLanguage":"pt-BR"},{"@type":"WebPage","@id":"https:\/\/voleimania.org.br\/site\/doacao\/","url":"https:\/\/voleimania.org.br\/site\/doacao\/","name":"Ajude o projeto - Volei Mania","isPartOf":{"@id":"https:\/\/voleimania.org.br\/site\/#website"},"primaryImageOfPage":{"@id":"https:\/\/voleimania.org.br\/site\/doacao\/#primaryimage"},"image":{"@id":"https:\/\/voleimania.org.br\/site\/doacao\/#primaryimage"},"thumbnailUrl":"https:\/\/voleimania.org.br\/site\/wp-content\/uploads\/2024\/09\/image-12.png","datePublished":"2024-05-02T14:17:07+00:00","dateModified":"2025-10-07T13:25:52+00:00","description":"O V\u00f4lei Mania transforma vidas de crian\u00e7as e adolescentes atrav\u00e9s do esporte, educa\u00e7\u00e3o e cultura. Para continuar essa miss\u00e3o, precisamos do seu apoio!","breadcrumb":{"@id":"https:\/\/voleimania.org.br\/site\/doacao\/#breadcrumb"},"inLanguage":"pt-BR","potentialAction":[{"@type":"ReadAction","target":["https:\/\/voleimania.org.br\/site\/doacao\/"]}]},{"@type":"ImageObject","inLanguage":"pt-BR","@id":"https:\/\/voleimania.org.br\/site\/doacao\/#primaryimage","url":"https:\/\/voleimania.org.br\/site\/wp-content\/uploads\/2024\/09\/image-12.png","contentUrl":"https:\/\/voleimania.org.br\/site\/wp-content\/uploads\/2024\/09\/image-12.png","width":280,"height":280},{"@type":"BreadcrumbList","@id":"https:\/\/voleimania.org.br\/site\/doacao\/#breadcrumb","itemListElement":[{"@type":"ListItem","position":1,"name":"In\u00edcio","item":"https:\/\/voleimania.org.br\/site\/"},{"@type":"ListItem","position":2,"name":"Ajude o projeto"}]},{"@type":"WebSite","@id":"https:\/\/voleimania.org.br\/site\/#website","url":"https:\/\/voleimania.org.br\/site\/","name":"Volei Mania","description":"Iniciativa que faz parte do Instituto Maur\u00edcio de Souza, que incentiva a pr\u00e1tica de esportes entre crian\u00e7as de adolescentes, promovendo sa\u00fade, bem-estar e desenvolvimento social atrav\u00e9s do voleibol. Conhe\u00e7a mais sobre esse projeto que transforma vidas por meio do esporte.","publisher":{"@id":"https:\/\/voleimania.org.br\/site\/#organization"},"alternateName":"Volei Mania","potentialAction":[{"@type":"SearchAction","target":{"@type":"EntryPoint","urlTemplate":"https:\/\/voleimania.org.br\/site\/?s={search_term_string}"},"query-input":{"@type":"PropertyValueSpecification","valueRequired":true,"valueName":"search_term_string"}}],"inLanguage":"pt-BR"},{"@type":"Organization","@id":"https:\/\/voleimania.org.br\/site\/#organization","name":"Volei Mania","alternateName":"Volei Mania","url":"https:\/\/voleimania.org.br\/site\/","logo":{"@type":"ImageObject","inLanguage":"pt-BR","@id":"https:\/\/voleimania.org.br\/site\/#\/schema\/logo\/image\/","url":"https:\/\/voleimania.org.br\/site\/wp-content\/uploads\/2024\/09\/WhatsApp-Image-2022-10-23-at-09.31.35-3.jpeg","contentUrl":"https:\/\/voleimania.org.br\/site\/wp-content\/uploads\/2024\/09\/WhatsApp-Image-2022-10-23-at-09.31.35-3.jpeg","width":1280,"height":1240,"caption":"Volei Mania"},"image":{"@id":"https:\/\/voleimania.org.br\/site\/#\/schema\/logo\/image\/"},"sameAs":["https:\/\/www.facebook.com\/voleimaniaoficialbr","https:\/\/instagram.com\/voleimaniaoficial"]},{"@type":"Person","@id":"https:\/\/voleimania.org.br\/site\/#\/schema\/person\/5f18269f1a1e8081988866288773e2b0","name":"wf","image":{"@type":"ImageObject","inLanguage":"pt-BR","@id":"https:\/\/voleimania.org.br\/site\/#\/schema\/person\/image\/","url":"https:\/\/secure.gravatar.com\/avatar\/af5db5008fe343f8388505129e34bba4f5acf5fb848cbdd8606b15652735b53f?s=96&d=mm&r=g","contentUrl":"https:\/\/secure.gravatar.com\/avatar\/af5db5008fe343f8388505129e34bba4f5acf5fb848cbdd8606b15652735b53f?s=96&d=mm&r=g","caption":"wf"},"url":"https:\/\/voleimania.org.br\/site\/author\/wf\/"}]}},"_links":{"self":[{"href":"https:\/\/voleimania.org.br\/site\/wp-json\/wp\/v2\/pages\/557","targetHints":{"allow":["GET"]}}],"collection":[{"href":"https:\/\/voleimania.org.br\/site\/wp-json\/wp\/v2\/pages"}],"about":[{"href":"https:\/\/voleimania.org.br\/site\/wp-json\/wp\/v2\/types\/page"}],"author":[{"embeddable":true,"href":"https:\/\/voleimania.org.br\/site\/wp-json\/wp\/v2\/users\/1"}],"replies":[{"embeddable":true,"href":"https:\/\/voleimania.org.br\/site\/wp-json\/wp\/v2\/comments?post=557"}],"version-history":[{"count":8,"href":"https:\/\/voleimania.org.br\/site\/wp-json\/wp\/v2\/pages\/557\/revisions"}],"predecessor-version":[{"id":1041,"href":"https:\/\/voleimania.org.br\/site\/wp-json\/wp\/v2\/pages\/557\/revisions\/1041"}],"wp:attachment":[{"href":"https:\/\/voleimania.org.br\/site\/wp-json\/wp\/v2\/media?parent=557"}],"curies":[{"name":"wp","href":"https:\/\/api.w.org\/{rel}","templated":true}]}}