{"id":559,"date":"2024-05-02T11:17:42","date_gmt":"2024-05-02T14:17:42","guid":{"rendered":"https:\/\/voleimania.org.br\/site\/?page_id=559"},"modified":"2024-09-17T08:54:31","modified_gmt":"2024-09-17T11:54:31","slug":"transparencia","status":"publish","type":"page","link":"https:\/\/voleimania.org.br\/site\/transparencia\/","title":{"rendered":"Transpar\u00eancia"},"content":{"rendered":"<p>O V\u00f4lei Mania valoriza a transpar\u00eancia e o compromisso com a gest\u00e3o respons\u00e1vel dos recursos. Neste espa\u00e7o, voc\u00ea encontrar\u00e1 informa\u00e7\u00f5es detalhadas sobre a origem dos nossos financiamentos, parcerias e as aplica\u00e7\u00f5es a cada etapa do projeto. Nosso objetivo \u00e9 assegurar que cada investimento contribua para a transforma\u00e7\u00e3o social de crian\u00e7as e adolescentes por meio do esporte e da educa\u00e7\u00e3o. Acreditamos que a clareza em nossas a\u00e7\u00f5es fortalece ainda mais nossa miss\u00e3o e a confian\u00e7a de todos os nossos apoiadores.<\/p>","protected":false},"excerpt":{"rendered":"<p>O V\u00f4lei Mania valoriza a transpar\u00eancia e o compromisso com a gest\u00e3o respons\u00e1vel dos recursos. Neste espa\u00e7o, voc\u00ea encontrar\u00e1 informa\u00e7\u00f5es &#8230;<\/p>\n","protected":false},"author":1,"featured_media":0,"parent":0,"menu_order":0,"comment_status":"closed","ping_status":"closed","template":"","meta":{"_acf_changed":false,"_eb_attr":"","footnotes":""},"class_list":["post-559","page","type-page","status-publish","hentry"],"acf":{"frase":"Transpar\u00eancia"},"yoast_head":"<!-- This site is optimized with the Yoast SEO plugin v23.8 - https:\/\/yoast.com\/wordpress\/plugins\/seo\/ -->\n<title>Transpar\u00eancia - Volei Mania<\/title>\n<meta name=\"description\" content=\"O V\u00f4lei Mania valoriza a transpar\u00eancia e o compromisso com a gest\u00e3o respons\u00e1vel dos recursos. Neste espa\u00e7o, voc\u00ea encontrar\u00e1 informa\u00e7\u00f5es detalhadas sobre a\" \/>\n<meta name=\"robots\" content=\"index, follow, max-snippet:-1, max-image-preview:large, max-video-preview:-1\" \/>\n<link rel=\"canonical\" href=\"https:\/\/voleimania.org.br\/site\/transparencia\/\" \/>\n<meta property=\"og:locale\" content=\"pt_BR\" \/>\n<meta property=\"og:type\" content=\"article\" \/>\n<meta property=\"og:title\" content=\"Transpar\u00eancia - Volei Mania\" \/>\n<meta property=\"og:description\" content=\"O V\u00f4lei Mania valoriza a transpar\u00eancia e o compromisso com a gest\u00e3o respons\u00e1vel dos recursos. Neste espa\u00e7o, voc\u00ea encontrar\u00e1 informa\u00e7\u00f5es detalhadas sobre a\" \/>\n<meta property=\"og:url\" content=\"https:\/\/voleimania.org.br\/site\/transparencia\/\" \/>\n<meta property=\"og:site_name\" content=\"Volei Mania\" \/>\n<meta property=\"article:publisher\" content=\"https:\/\/www.facebook.com\/voleimaniaoficialbr\" \/>\n<meta property=\"article:modified_time\" content=\"2024-09-17T11:54:31+00:00\" \/>\n<meta property=\"og:image\" content=\"https:\/\/voleimania.org.br\/site\/wp-content\/uploads\/2024\/09\/1-LOGO-VOLEI-MANIA-JM-REGISTRADO-JM.pdf-1.png\" \/>\n\t<meta property=\"og:image:width\" content=\"872\" \/>\n\t<meta property=\"og:image:height\" content=\"595\" \/>\n\t<meta property=\"og:image:type\" content=\"image\/png\" \/>\n<meta name=\"twitter:card\" content=\"summary_large_image\" \/>\n<meta name=\"twitter:label1\" content=\"Est. tempo de leitura\" \/>\n\t<meta name=\"twitter:data1\" content=\"1 minuto\" \/>\n<script type=\"application\/ld+json\" class=\"yoast-schema-graph\">{\"@context\":\"https:\/\/schema.org\",\"@graph\":[{\"@type\":[\"Article\",\"BlogPosting\"],\"@id\":\"https:\/\/voleimania.org.br\/site\/transparencia\/#article\",\"isPartOf\":{\"@id\":\"https:\/\/voleimania.org.br\/site\/transparencia\/\"},\"author\":{\"name\":\"wf\",\"@id\":\"https:\/\/voleimania.org.br\/site\/#\/schema\/person\/5f18269f1a1e8081988866288773e2b0\"},\"headline\":\"Transpar\u00eancia\",\"datePublished\":\"2024-05-02T14:17:42+00:00\",\"dateModified\":\"2024-09-17T11:54:31+00:00\",\"mainEntityOfPage\":{\"@id\":\"https:\/\/voleimania.org.br\/site\/transparencia\/\"},\"wordCount\":93,\"publisher\":{\"@id\":\"https:\/\/voleimania.org.br\/site\/#organization\"},\"inLanguage\":\"pt-BR\"},{\"@type\":\"WebPage\",\"@id\":\"https:\/\/voleimania.org.br\/site\/transparencia\/\",\"url\":\"https:\/\/voleimania.org.br\/site\/transparencia\/\",\"name\":\"Transpar\u00eancia - Volei Mania\",\"isPartOf\":{\"@id\":\"https:\/\/voleimania.org.br\/site\/#website\"},\"datePublished\":\"2024-05-02T14:17:42+00:00\",\"dateModified\":\"2024-09-17T11:54:31+00:00\",\"description\":\"O V\u00f4lei Mania valoriza a transpar\u00eancia e o compromisso com a gest\u00e3o respons\u00e1vel dos recursos. Neste espa\u00e7o, voc\u00ea encontrar\u00e1 informa\u00e7\u00f5es detalhadas sobre a\",\"breadcrumb\":{\"@id\":\"https:\/\/voleimania.org.br\/site\/transparencia\/#breadcrumb\"},\"inLanguage\":\"pt-BR\",\"potentialAction\":[{\"@type\":\"ReadAction\",\"target\":[\"https:\/\/voleimania.org.br\/site\/transparencia\/\"]}]},{\"@type\":\"BreadcrumbList\",\"@id\":\"https:\/\/voleimania.org.br\/site\/transparencia\/#breadcrumb\",\"itemListElement\":[{\"@type\":\"ListItem\",\"position\":1,\"name\":\"In\u00edcio\",\"item\":\"https:\/\/voleimania.org.br\/site\/\"},{\"@type\":\"ListItem\",\"position\":2,\"name\":\"Transpar\u00eancia\"}]},{\"@type\":\"WebSite\",\"@id\":\"https:\/\/voleimania.org.br\/site\/#website\",\"url\":\"https:\/\/voleimania.org.br\/site\/\",\"name\":\"Volei Mania\",\"description\":\"Iniciativa que faz parte do Instituto Maur\u00edcio de Souza, que incentiva a pr\u00e1tica de esportes entre crian\u00e7as de adolescentes, promovendo sa\u00fade, bem-estar e desenvolvimento social atrav\u00e9s do voleibol. Conhe\u00e7a mais sobre esse projeto que transforma vidas por meio do esporte.\",\"publisher\":{\"@id\":\"https:\/\/voleimania.org.br\/site\/#organization\"},\"alternateName\":\"Volei Mania\",\"potentialAction\":[{\"@type\":\"SearchAction\",\"target\":{\"@type\":\"EntryPoint\",\"urlTemplate\":\"https:\/\/voleimania.org.br\/site\/?s={search_term_string}\"},\"query-input\":{\"@type\":\"PropertyValueSpecification\",\"valueRequired\":true,\"valueName\":\"search_term_string\"}}],\"inLanguage\":\"pt-BR\"},{\"@type\":\"Organization\",\"@id\":\"https:\/\/voleimania.org.br\/site\/#organization\",\"name\":\"Volei Mania\",\"alternateName\":\"Volei Mania\",\"url\":\"https:\/\/voleimania.org.br\/site\/\",\"logo\":{\"@type\":\"ImageObject\",\"inLanguage\":\"pt-BR\",\"@id\":\"https:\/\/voleimania.org.br\/site\/#\/schema\/logo\/image\/\",\"url\":\"https:\/\/voleimania.org.br\/site\/wp-content\/uploads\/2024\/09\/WhatsApp-Image-2022-10-23-at-09.31.35-3.jpeg\",\"contentUrl\":\"https:\/\/voleimania.org.br\/site\/wp-content\/uploads\/2024\/09\/WhatsApp-Image-2022-10-23-at-09.31.35-3.jpeg\",\"width\":1280,\"height\":1240,\"caption\":\"Volei Mania\"},\"image\":{\"@id\":\"https:\/\/voleimania.org.br\/site\/#\/schema\/logo\/image\/\"},\"sameAs\":[\"https:\/\/www.facebook.com\/voleimaniaoficialbr\",\"https:\/\/instagram.com\/voleimaniaoficial\"]},{\"@type\":\"Person\",\"@id\":\"https:\/\/voleimania.org.br\/site\/#\/schema\/person\/5f18269f1a1e8081988866288773e2b0\",\"name\":\"wf\",\"image\":{\"@type\":\"ImageObject\",\"inLanguage\":\"pt-BR\",\"@id\":\"https:\/\/voleimania.org.br\/site\/#\/schema\/person\/image\/\",\"url\":\"https:\/\/secure.gravatar.com\/avatar\/af5db5008fe343f8388505129e34bba4f5acf5fb848cbdd8606b15652735b53f?s=96&d=mm&r=g\",\"contentUrl\":\"https:\/\/secure.gravatar.com\/avatar\/af5db5008fe343f8388505129e34bba4f5acf5fb848cbdd8606b15652735b53f?s=96&d=mm&r=g\",\"caption\":\"wf\"},\"url\":\"https:\/\/voleimania.org.br\/site\/author\/wf\/\"}]}<\/script>\n<!-- \/ Yoast SEO plugin. -->","yoast_head_json":{"title":"Transpar\u00eancia - Volei Mania","description":"O V\u00f4lei Mania valoriza a transpar\u00eancia e o compromisso com a gest\u00e3o respons\u00e1vel dos recursos. Neste espa\u00e7o, voc\u00ea encontrar\u00e1 informa\u00e7\u00f5es detalhadas sobre a","robots":{"index":"index","follow":"follow","max-snippet":"max-snippet:-1","max-image-preview":"max-image-preview:large","max-video-preview":"max-video-preview:-1"},"canonical":"https:\/\/voleimania.org.br\/site\/transparencia\/","og_locale":"pt_BR","og_type":"article","og_title":"Transpar\u00eancia - Volei Mania","og_description":"O V\u00f4lei Mania valoriza a transpar\u00eancia e o compromisso com a gest\u00e3o respons\u00e1vel dos recursos. Neste espa\u00e7o, voc\u00ea encontrar\u00e1 informa\u00e7\u00f5es detalhadas sobre a","og_url":"https:\/\/voleimania.org.br\/site\/transparencia\/","og_site_name":"Volei Mania","article_publisher":"https:\/\/www.facebook.com\/voleimaniaoficialbr","article_modified_time":"2024-09-17T11:54:31+00:00","og_image":[{"width":872,"height":595,"url":"https:\/\/voleimania.org.br\/site\/wp-content\/uploads\/2024\/09\/1-LOGO-VOLEI-MANIA-JM-REGISTRADO-JM.pdf-1.png","type":"image\/png"}],"twitter_card":"summary_large_image","twitter_misc":{"Est. tempo de leitura":"1 minuto"},"schema":{"@context":"https:\/\/schema.org","@graph":[{"@type":["Article","BlogPosting"],"@id":"https:\/\/voleimania.org.br\/site\/transparencia\/#article","isPartOf":{"@id":"https:\/\/voleimania.org.br\/site\/transparencia\/"},"author":{"name":"wf","@id":"https:\/\/voleimania.org.br\/site\/#\/schema\/person\/5f18269f1a1e8081988866288773e2b0"},"headline":"Transpar\u00eancia","datePublished":"2024-05-02T14:17:42+00:00","dateModified":"2024-09-17T11:54:31+00:00","mainEntityOfPage":{"@id":"https:\/\/voleimania.org.br\/site\/transparencia\/"},"wordCount":93,"publisher":{"@id":"https:\/\/voleimania.org.br\/site\/#organization"},"inLanguage":"pt-BR"},{"@type":"WebPage","@id":"https:\/\/voleimania.org.br\/site\/transparencia\/","url":"https:\/\/voleimania.org.br\/site\/transparencia\/","name":"Transpar\u00eancia - Volei Mania","isPartOf":{"@id":"https:\/\/voleimania.org.br\/site\/#website"},"datePublished":"2024-05-02T14:17:42+00:00","dateModified":"2024-09-17T11:54:31+00:00","description":"O V\u00f4lei Mania valoriza a transpar\u00eancia e o compromisso com a gest\u00e3o respons\u00e1vel dos recursos. Neste espa\u00e7o, voc\u00ea encontrar\u00e1 informa\u00e7\u00f5es detalhadas sobre a","breadcrumb":{"@id":"https:\/\/voleimania.org.br\/site\/transparencia\/#breadcrumb"},"inLanguage":"pt-BR","potentialAction":[{"@type":"ReadAction","target":["https:\/\/voleimania.org.br\/site\/transparencia\/"]}]},{"@type":"BreadcrumbList","@id":"https:\/\/voleimania.org.br\/site\/transparencia\/#breadcrumb","itemListElement":[{"@type":"ListItem","position":1,"name":"In\u00edcio","item":"https:\/\/voleimania.org.br\/site\/"},{"@type":"ListItem","position":2,"name":"Transpar\u00eancia"}]},{"@type":"WebSite","@id":"https:\/\/voleimania.org.br\/site\/#website","url":"https:\/\/voleimania.org.br\/site\/","name":"Volei Mania","description":"Iniciativa que faz parte do Instituto Maur\u00edcio de Souza, que incentiva a pr\u00e1tica de esportes entre crian\u00e7as de adolescentes, promovendo sa\u00fade, bem-estar e desenvolvimento social atrav\u00e9s do voleibol. Conhe\u00e7a mais sobre esse projeto que transforma vidas por meio do esporte.","publisher":{"@id":"https:\/\/voleimania.org.br\/site\/#organization"},"alternateName":"Volei Mania","potentialAction":[{"@type":"SearchAction","target":{"@type":"EntryPoint","urlTemplate":"https:\/\/voleimania.org.br\/site\/?s={search_term_string}"},"query-input":{"@type":"PropertyValueSpecification","valueRequired":true,"valueName":"search_term_string"}}],"inLanguage":"pt-BR"},{"@type":"Organization","@id":"https:\/\/voleimania.org.br\/site\/#organization","name":"Volei Mania","alternateName":"Volei Mania","url":"https:\/\/voleimania.org.br\/site\/","logo":{"@type":"ImageObject","inLanguage":"pt-BR","@id":"https:\/\/voleimania.org.br\/site\/#\/schema\/logo\/image\/","url":"https:\/\/voleimania.org.br\/site\/wp-content\/uploads\/2024\/09\/WhatsApp-Image-2022-10-23-at-09.31.35-3.jpeg","contentUrl":"https:\/\/voleimania.org.br\/site\/wp-content\/uploads\/2024\/09\/WhatsApp-Image-2022-10-23-at-09.31.35-3.jpeg","width":1280,"height":1240,"caption":"Volei Mania"},"image":{"@id":"https:\/\/voleimania.org.br\/site\/#\/schema\/logo\/image\/"},"sameAs":["https:\/\/www.facebook.com\/voleimaniaoficialbr","https:\/\/instagram.com\/voleimaniaoficial"]},{"@type":"Person","@id":"https:\/\/voleimania.org.br\/site\/#\/schema\/person\/5f18269f1a1e8081988866288773e2b0","name":"wf","image":{"@type":"ImageObject","inLanguage":"pt-BR","@id":"https:\/\/voleimania.org.br\/site\/#\/schema\/person\/image\/","url":"https:\/\/secure.gravatar.com\/avatar\/af5db5008fe343f8388505129e34bba4f5acf5fb848cbdd8606b15652735b53f?s=96&d=mm&r=g","contentUrl":"https:\/\/secure.gravatar.com\/avatar\/af5db5008fe343f8388505129e34bba4f5acf5fb848cbdd8606b15652735b53f?s=96&d=mm&r=g","caption":"wf"},"url":"https:\/\/voleimania.org.br\/site\/author\/wf\/"}]}},"_links":{"self":[{"href":"https:\/\/voleimania.org.br\/site\/wp-json\/wp\/v2\/pages\/559","targetHints":{"allow":["GET"]}}],"collection":[{"href":"https:\/\/voleimania.org.br\/site\/wp-json\/wp\/v2\/pages"}],"about":[{"href":"https:\/\/voleimania.org.br\/site\/wp-json\/wp\/v2\/types\/page"}],"author":[{"embeddable":true,"href":"https:\/\/voleimania.org.br\/site\/wp-json\/wp\/v2\/users\/1"}],"replies":[{"embeddable":true,"href":"https:\/\/voleimania.org.br\/site\/wp-json\/wp\/v2\/comments?post=559"}],"version-history":[{"count":4,"href":"https:\/\/voleimania.org.br\/site\/wp-json\/wp\/v2\/pages\/559\/revisions"}],"predecessor-version":[{"id":880,"href":"https:\/\/voleimania.org.br\/site\/wp-json\/wp\/v2\/pages\/559\/revisions\/880"}],"wp:attachment":[{"href":"https:\/\/voleimania.org.br\/site\/wp-json\/wp\/v2\/media?parent=559"}],"curies":[{"name":"wp","href":"https:\/\/api.w.org\/{rel}","templated":true}]}}